{"id":3039,"date":"2023-02-09T14:29:11","date_gmt":"2023-02-09T22:29:11","guid":{"rendered":"https:\/\/pinkshirtdaycanada.ca\/?page_id=3039"},"modified":"2026-01-13T11:54:55","modified_gmt":"2026-01-13T19:54:55","slug":"faire-un-don-aujourdhui","status":"publish","type":"page","link":"https:\/\/pinkshirtdaycanada.ca\/fr\/faire-un-don-aujourdhui\/","title":{"rendered":"Faire un don aujourd'hui"},"content":{"rendered":"<p><div class=\"fusion-fullwidth fullwidth-box fusion-builder-row-1 fusion-flex-container has-pattern-background has-mask-background nonhundred-percent-fullwidth non-hundred-percent-height-scrolling\" style=\"--awb-border-radius-top-left:0px;--awb-border-radius-top-right:0px;--awb-border-radius-bottom-right:0px;--awb-border-radius-bottom-left:0px;--awb-padding-top:8%;--awb-padding-right:8%;--awb-padding-bottom:0px;--awb-padding-left:8%;--awb-flex-wrap:wrap;\" ><div class=\"fusion-builder-row fusion-row fusion-flex-align-items-flex-start fusion-flex-content-wrap\" style=\"max-width:1216.8px;margin-left: calc(-4% \/ 2 );margin-right: calc(-4% \/ 2 );\"><div class=\"fusion-layout-column fusion_builder_column fusion-builder-column-0 fusion_builder_column_1_1 1_1 fusion-flex-column\" style=\"--awb-bg-size:cover;--awb-width-large:100%;--awb-margin-top-large:0px;--awb-spacing-right-large:1.92%;--awb-margin-bottom-large:0px;--awb-spacing-left-large:1.92%;--awb-width-medium:100%;--awb-order-medium:0;--awb-spacing-right-medium:1.92%;--awb-spacing-left-medium:1.92%;--awb-width-small:100%;--awb-order-small:0;--awb-spacing-right-small:1.92%;--awb-spacing-left-small:1.92%;\"><div class=\"fusion-column-wrapper fusion-column-has-shadow fusion-flex-justify-content-flex-start fusion-content-layout-column\"><div class=\"fusion-title title fusion-title-1 sep-underline sep-solid fusion-title-text fusion-title-size-one\"><h1 class=\"fusion-title-heading title-heading-left fusion-responsive-typography-calculated\" style=\"margin:0;--fontSize:34;line-height:1.3;\">Faites un don aujourd'hui !<\/h1><\/div><div class=\"fusion-text fusion-text-1\" style=\"--awb-font-size:14px;--awb-line-height:1.5;--awb-text-font-family:&quot;Montserrat&quot;;--awb-text-font-style:normal;--awb-text-font-weight:400;\"><p><strong>La Journ\u00e9e de la chemise rose au Canada donne du pouvoir aux enfants !<\/strong> PSDC est une initiative de la Fondation WITS, qui cr\u00e9e et fournit des ressources \u00e9ducatives pour pr\u00e9venir l'intimidation et la discrimination. Nous cr\u00e9ons des environnements s\u00fbrs et favorables pour les enfants et les jeunes \u00e0 travers le Canada, chaque jour. Nos programmes enseignent aux enfants et aux jeunes des strat\u00e9gies pour g\u00e9rer la victimisation par les pairs et les inspirent \u00e0 pratiquer la gentillesse et l'inclusion.<\/p>\n<p><strong>Voici quelques exemples de l'aide que votre don peut apporter...<\/strong><\/p>\n<ul>\n<li>$199 ach\u00e8te un <a href=\"https:\/\/pinkshirtdaycanada.ca\/fr\/#register\">Journ\u00e9e de la chemise rose Canad<\/a>une \u00e9mission pour toute une \u00e9cole<\/li>\n<li>$795 offre un paquet du projet Pink Shirt \u00e0 une classe enti\u00e8re (4 classes)<\/li>\n<li>$2,500 fournit un nouveau programme WITS \u00e0 une \u00e9cole<\/li>\n<\/ul>\n<p>Merci pour votre aide !<\/p>\n<\/div><\/div><\/div><\/div><\/div><div class=\"fusion-fullwidth fullwidth-box fusion-builder-row-2 fusion-flex-container nonhundred-percent-fullwidth non-hundred-percent-height-scrolling\" style=\"--awb-border-radius-top-left:0px;--awb-border-radius-top-right:0px;--awb-border-radius-bottom-right:0px;--awb-border-radius-bottom-left:0px;--awb-flex-wrap:wrap;\" ><div class=\"fusion-builder-row fusion-row fusion-flex-align-items-flex-start fusion-flex-content-wrap\" style=\"max-width:1216.8px;margin-left: calc(-4% \/ 2 );margin-right: calc(-4% \/ 2 );\"><div class=\"fusion-layout-column fusion_builder_column fusion-builder-column-1 fusion_builder_column_1_1 1_1 fusion-flex-column\" style=\"--awb-bg-size:cover;--awb-width-large:100%;--awb-margin-top-large:0px;--awb-spacing-right-large:1.92%;--awb-margin-bottom-large:0px;--awb-spacing-left-large:1.92%;--awb-width-medium:100%;--awb-spacing-right-medium:1.92%;--awb-spacing-left-medium:1.92%;--awb-width-small:100%;--awb-spacing-right-small:1.92%;--awb-spacing-left-small:1.92%;\"><div class=\"fusion-column-wrapper fusion-flex-justify-content-flex-start fusion-content-layout-column\"><div class=\"fusion-text fusion-text-2\"><p><script id=\"ch_cdn_embed\" type=\"text\/javascript\" src=\"https:\/\/www.canadahelps.org\/secure\/js\/cdf_embed.2.js\" charSet=\"utf-8\" data-language=\"en\" data-page-id=\"12044\" data-root-url=\"https:\/\/www.canadahelps.org\" data-formtype=\"0\" data-cfasync=\"false\"><\/script><\/p>\n<\/div><\/div><\/div><\/div><\/div><\/p>","protected":false},"excerpt":{"rendered":"","protected":false},"author":7,"featured_media":0,"parent":0,"menu_order":0,"comment_status":"closed","ping_status":"closed","template":"100-width.php","meta":{"_themeisle_gutenberg_block_has_review":false,"footnotes":""},"class_list":["post-3039","page","type-page","status-publish","hentry"],"_links":{"self":[{"href":"https:\/\/pinkshirtdaycanada.ca\/fr\/wp-json\/wp\/v2\/pages\/3039","targetHints":{"allow":["GET"]}}],"collection":[{"href":"https:\/\/pinkshirtdaycanada.ca\/fr\/wp-json\/wp\/v2\/pages"}],"about":[{"href":"https:\/\/pinkshirtdaycanada.ca\/fr\/wp-json\/wp\/v2\/types\/page"}],"author":[{"embeddable":true,"href":"https:\/\/pinkshirtdaycanada.ca\/fr\/wp-json\/wp\/v2\/users\/7"}],"replies":[{"embeddable":true,"href":"https:\/\/pinkshirtdaycanada.ca\/fr\/wp-json\/wp\/v2\/comments?post=3039"}],"version-history":[{"count":5,"href":"https:\/\/pinkshirtdaycanada.ca\/fr\/wp-json\/wp\/v2\/pages\/3039\/revisions"}],"predecessor-version":[{"id":4476,"href":"https:\/\/pinkshirtdaycanada.ca\/fr\/wp-json\/wp\/v2\/pages\/3039\/revisions\/4476"}],"wp:attachment":[{"href":"https:\/\/pinkshirtdaycanada.ca\/fr\/wp-json\/wp\/v2\/media?parent=3039"}],"curies":[{"name":"wp","href":"https:\/\/api.w.org\/{rel}","templated":true}]}}