{"id":1166,"date":"2021-01-26T03:39:42","date_gmt":"2021-01-26T11:39:42","guid":{"rendered":"https:\/\/pinkshirtdaycanada.ca\/?page_id=1166"},"modified":"2026-01-13T13:33:59","modified_gmt":"2026-01-13T21:33:59","slug":"faq","status":"publish","type":"page","link":"https:\/\/pinkshirtdaycanada.ca\/fr\/faq\/","title":{"rendered":"FAQ"},"content":{"rendered":"<div class=\"fusion-fullwidth fullwidth-box fusion-builder-row-1 fusion-flex-container nonhundred-percent-fullwidth non-hundred-percent-height-scrolling\" style=\"--awb-border-radius-top-left:0px;--awb-border-radius-top-right:0px;--awb-border-radius-bottom-right:0px;--awb-border-radius-bottom-left:0px;--awb-flex-wrap:wrap;\" ><div class=\"fusion-builder-row fusion-row fusion-flex-align-items-flex-start fusion-flex-content-wrap\" style=\"max-width:1216.8px;margin-left: calc(-4% \/ 2 );margin-right: calc(-4% \/ 2 );\"><div class=\"fusion-layout-column fusion_builder_column fusion-builder-column-0 fusion_builder_column_1_1 1_1 fusion-flex-column\" style=\"--awb-bg-size:cover;--awb-width-large:100%;--awb-margin-top-large:0px;--awb-spacing-right-large:1.92%;--awb-margin-bottom-large:0px;--awb-spacing-left-large:1.92%;--awb-width-medium:100%;--awb-spacing-right-medium:1.92%;--awb-spacing-left-medium:1.92%;--awb-width-small:100%;--awb-spacing-right-small:1.92%;--awb-spacing-left-small:1.92%;\"><div class=\"fusion-column-wrapper fusion-flex-justify-content-flex-start fusion-content-layout-column\"><div class=\"fusion-separator fusion-full-width-sep\" style=\"align-self: center;margin-left: auto;margin-right: auto;margin-top:25px;margin-bottom:5px;width:100%;\"><\/div><div class=\"fusion-title title fusion-title-1 fusion-sep-none fusion-title-center fusion-title-text fusion-title-size-one\" style=\"--awb-text-color:#ec008c;\"><h1 class=\"fusion-title-heading title-heading-center fusion-responsive-typography-calculated\" style=\"margin:0;--fontSize:34;line-height:1.3;\">FAQ<\/h1><\/div><div class=\"fusion-text fusion-text-1\" style=\"--awb-text-transform:none;\"><p style=\"text-align: center;\">Foire aux questions pour le spectacle \"Pink Shirt Day\".<\/p>\n<p><span style=\"color: #ec008c;\"><strong>Comment se connecter une fois le billet achet\u00e9 ? Recevons-nous un lien pour nous connecter ?\u00a0<\/strong><\/span><\/p>\n<p style=\"padding-left: 40px;\">La veille du spectacle, les d\u00e9tenteurs de billets recevront un lien vers le spectacle en direct, avec des instructions.<\/p>\n<p><span style=\"color: #ec008c;\"><strong>Ces \u00e9v\u00e9nements sont-ils adapt\u00e9s \u00e0 tous les \u00e9l\u00e8ves ?<\/strong><\/span><\/p>\n<p style=\"padding-left: 40px;\">Oui, mais ils sont con\u00e7us pour les enfants de 5 \u00e0 13 ans. Les jeunes plus \u00e2g\u00e9s peuvent y participer, tout en gardant cela \u00e0 l'esprit. Tout enfant ou jeune peut envoyer une question vid\u00e9o \u00e0 laquelle un invit\u00e9 r\u00e9pondra.<\/p>\n<p><strong><span style=\"color: #ec008c;\">Comment savoir si nous pourrons diffuser cet \u00e9v\u00e9nement ?<\/span> <\/strong><\/p>\n<p style=\"padding-left: 40px;\">Le spectacle 2026 est \u2018\u00e0 la demande\u2019, comme un film en streaming, ce qui vous permet d'installer l'\u00e9quipement technique et de r\u00e9soudre les probl\u00e8mes \u00e0 votre guise.<\/p>\n<p><span style=\"color: #ec008c;\"><strong>Que se passe-t-il si je ne re\u00e7ois aucun courriel ou lien ?<\/strong><\/span><\/p>\n<p style=\"padding-left: 40px;\">Les courriels proviennent de <em>Pinkshirtday@witsprogram.ca<\/em> ou <em>info@witsprogram.ca<\/em> alors s'il vous pla\u00eet :  1) v\u00e9rifiez vos dossiers supprim\u00e9s ou ind\u00e9sirables ; 2) faites de cette adresse \u00e9lectronique un \u201cexp\u00e9diteur s\u00fbr\u201d ou \u201cne bloquez jamais le domaine de l'exp\u00e9diteur\u201d<\/p>\n<p><span style=\"color: #ec008c;\"><strong>Chaque classe peut-elle s'inscrire \u00e0 un moment qui lui convient ?<\/strong><\/span><\/p>\n<p style=\"padding-left: 40px;\">Les billets sont valables pour l'ensemble de l'\u00e9cole, et chaque classe peut les regarder quand elle le souhaite.<\/p>\n<p><span style=\"color: #ec008c;\"><strong>Recevons-nous un enregistrement de l'\u00e9v\u00e9nement apr\u00e8s sa tenue ?<\/strong><\/span><\/p>\n<p style=\"padding-left: 40px;\">Nous sommes d\u00e9sol\u00e9s, non, le contenu est prot\u00e9g\u00e9 par les droits d'auteur de la Fondation WITS. Parce que les enregistrements peuvent \u00eatre modifi\u00e9s, <span style=\"text-decoration: underline;\">l'enregistrement est interdit<\/span> pour prot\u00e9ger notre marque et les \u00e9v\u00e9nements futurs.<\/p>\n<p><span style=\"color: #ec008c;\"><strong>Nous aimerions adh\u00e9rer mais nous n'avons pas les moyens de payer la cotisation. Pouvez-vous nous aider ?<\/strong><\/span><\/p>\n<p style=\"padding-left: 40px;\">Des subventions sont disponibles pour les tr\u00e8s petites \u00e9coles et les \u00e9coles autochtones dans le cadre de notre engagement en faveur de la r\u00e9conciliation. Dans le cas contraire, veuillez demander \u00e0 votre conseil ou district scolaire ou \u00e0 votre comit\u00e9 consultatif de parents d'\u00e9l\u00e8ves de vous aider \u00e0 couvrir les frais.<\/p>\n<p>Pour toute autre question, veuillez vous adresser \u00e0 <a href=\"mailto:pinkshirtday@witsprogram.ca\">pinkshirtday@witsprogram.ca.<\/a><\/p>\n<\/div><\/div><\/div><\/div><\/div>","protected":false},"excerpt":{"rendered":"","protected":false},"author":6,"featured_media":0,"parent":0,"menu_order":0,"comment_status":"closed","ping_status":"closed","template":"","meta":{"_themeisle_gutenberg_block_has_review":false,"footnotes":""},"class_list":["post-1166","page","type-page","status-publish","hentry"],"_links":{"self":[{"href":"https:\/\/pinkshirtdaycanada.ca\/fr\/wp-json\/wp\/v2\/pages\/1166","targetHints":{"allow":["GET"]}}],"collection":[{"href":"https:\/\/pinkshirtdaycanada.ca\/fr\/wp-json\/wp\/v2\/pages"}],"about":[{"href":"https:\/\/pinkshirtdaycanada.ca\/fr\/wp-json\/wp\/v2\/types\/page"}],"author":[{"embeddable":true,"href":"https:\/\/pinkshirtdaycanada.ca\/fr\/wp-json\/wp\/v2\/users\/6"}],"replies":[{"embeddable":true,"href":"https:\/\/pinkshirtdaycanada.ca\/fr\/wp-json\/wp\/v2\/comments?post=1166"}],"version-history":[{"count":6,"href":"https:\/\/pinkshirtdaycanada.ca\/fr\/wp-json\/wp\/v2\/pages\/1166\/revisions"}],"predecessor-version":[{"id":4503,"href":"https:\/\/pinkshirtdaycanada.ca\/fr\/wp-json\/wp\/v2\/pages\/1166\/revisions\/4503"}],"wp:attachment":[{"href":"https:\/\/pinkshirtdaycanada.ca\/fr\/wp-json\/wp\/v2\/media?parent=1166"}],"curies":[{"name":"wp","href":"https:\/\/api.w.org\/{rel}","templated":true}]}}